{"id":7,"date":"2024-02-01T11:14:05","date_gmt":"2024-02-01T10:14:05","guid":{"rendered":"https:\/\/apl.legia.com\/?page_id=7"},"modified":"2024-02-05T13:14:17","modified_gmt":"2024-02-05T12:14:17","slug":"strona-glowna","status":"publish","type":"page","link":"https:\/\/apl.legia.com\/","title":{"rendered":"Strona g\u0142\u00f3wna"},"content":{"rendered":"\n<div class=\"wp-block-cover alignfull is-light\" style=\"min-height:700px;aspect-ratio:unset;\"><span aria-hidden=\"true\" class=\"wp-block-cover__background has-background-dim-0 has-background-dim\"><\/span><img loading=\"lazy\" decoding=\"async\" width=\"2252\" height=\"772\" class=\"wp-block-cover__image-background wp-image-29\" alt=\"\" src=\"https:\/\/apl.legia.com\/wp-content\/uploads\/2024\/02\/front.jpg\" data-object-fit=\"cover\" srcset=\"https:\/\/apl.legia.com\/wp-content\/uploads\/2024\/02\/front.jpg 2252w, https:\/\/apl.legia.com\/wp-content\/uploads\/2024\/02\/front-300x103.jpg 300w, https:\/\/apl.legia.com\/wp-content\/uploads\/2024\/02\/front-1024x351.jpg 1024w, https:\/\/apl.legia.com\/wp-content\/uploads\/2024\/02\/front-768x263.jpg 768w, https:\/\/apl.legia.com\/wp-content\/uploads\/2024\/02\/front-1536x527.jpg 1536w, https:\/\/apl.legia.com\/wp-content\/uploads\/2024\/02\/front-2048x702.jpg 2048w\" sizes=\"auto, (max-width: 2252px) 100vw, 2252px\" \/><div class=\"wp-block-cover__inner-container is-layout-flow wp-block-cover-is-layout-flow\">\n<div style=\"height:80px\" aria-hidden=\"true\" class=\"wp-block-spacer\"><\/div>\n\n\n\n<h2 class=\"wp-block-heading has-text-align-center has-nv-text-dark-bg-color has-text-color\">Kompleks Badawczo-Rozwojowy z O\u015brodkiem Treningowo Szkolnym Legii Warszawa<\/h2>\n\n\n\n<div class=\"wp-block-buttons is-content-justification-center is-layout-flex wp-container-core-buttons-is-layout-16018d1d wp-block-buttons-is-layout-flex\">\n<div class=\"wp-block-button is-style-primary\"><a class=\"wp-block-button__link wp-element-button\" href=\"https:\/\/apl.legia.com\/index.php\/blog\/\">AKTUALNO\u015aCI<\/a><\/div>\n<\/div>\n\n\n\n<div style=\"height:80px\" aria-hidden=\"true\" class=\"wp-block-spacer\"><\/div>\n<\/div><\/div>\n\n\n\n<div class=\"wp-block-cover alignfull is-light\" style=\"min-height:600px;aspect-ratio:unset;\"><span aria-hidden=\"true\" class=\"wp-block-cover__background has-nv-light-bg-background-color has-background-dim-100 has-background-dim\"><\/span><div class=\"wp-block-cover__inner-container is-layout-flow wp-block-cover-is-layout-flow\">\n<div class=\"wp-block-group\"><div class=\"wp-block-group__inner-container is-layout-flow wp-block-group-is-layout-flow\">\n<div style=\"height:80px\" aria-hidden=\"true\" class=\"wp-block-spacer\"><\/div>\n\n\n\n<div class=\"wp-block-columns are-vertically-aligned-center is-layout-flex wp-container-core-columns-is-layout-9d6595d7 wp-block-columns-is-layout-flex\">\n<div class=\"wp-block-column is-vertically-aligned-center is-layout-flow wp-block-column-is-layout-flow\" style=\"flex-basis:15%\"><\/div>\n\n\n\n<div class=\"wp-block-column is-vertically-aligned-center is-layout-flow wp-block-column-is-layout-flow\" style=\"flex-basis:70%\">\n<figure class=\"wp-block-embed is-type-video is-provider-youtube wp-block-embed-youtube wp-embed-aspect-16-9 wp-has-aspect-ratio\"><div class=\"wp-block-embed__wrapper\">\n<div class=\"nv-iframe-embed\"><iframe loading=\"lazy\" title=\"LEGIA TRAINING CENTER JU\u017b OTWARTE! Tak pisze si\u0119 histori\u0119!\" width=\"1200\" height=\"675\" src=\"https:\/\/www.youtube.com\/embed\/CLZsYd1QD8g?start=1&#038;feature=oembed\" frameborder=\"0\" allow=\"accelerometer; autoplay; clipboard-write; encrypted-media; gyroscope; picture-in-picture; web-share\" allowfullscreen><\/iframe><\/div>\n<\/div><\/figure>\n<\/div>\n\n\n\n<div class=\"wp-block-column is-layout-flow wp-block-column-is-layout-flow\" style=\"flex-basis:15%\"><\/div>\n<\/div>\n\n\n\n<div style=\"height:40px\" aria-hidden=\"true\" class=\"wp-block-spacer\"><\/div>\n<\/div><\/div>\n<\/div><\/div>\n\n\n\n<div class=\"wp-block-cover alignfull is-light\" style=\"min-height:565px;aspect-ratio:unset;\"><span aria-hidden=\"true\" class=\"wp-block-cover__background has-background-dim-0 has-background-dim\"><\/span><div class=\"wp-block-cover__inner-container is-layout-flow wp-block-cover-is-layout-flow\">\n<h2 class=\"wp-block-heading\">Kontakt<\/h2>\n\n\n\n<div class=\"wp-block-columns is-layout-flex wp-container-core-columns-is-layout-9d6595d7 wp-block-columns-is-layout-flex\">\n<div class=\"wp-block-column is-layout-flow wp-block-column-is-layout-flow\" style=\"flex-basis:66.66%\"><\/div>\n\n\n\n<div class=\"wp-block-column is-layout-flow wp-block-column-is-layout-flow\" style=\"flex-basis:33.33%\">\n<p><strong>Akademia Pi\u0142karska Legii Sp. z o.o.<\/strong><\/p>\n\n\n\n<p><strong>ul. \u0141azienkowska 3 <\/strong><br><strong>00-449 Warszawa<\/strong><br>i<strong>nfo@apl.legia.pl<\/strong><br>t<strong>el: 22 318 20 09<\/strong><\/p>\n\n\n\n<p><strong>S\u0105d Rejonowy dla m.st. Warszawy w Warszawie XII Wydzia\u0142 Gospodarczy KRS: 0000504867 \u00ad NIP: 5252583630<\/strong><\/p>\n\n\n\n<p><strong>Kapita\u0142 zak\u0142adowy 485.000,00&nbsp;PLN<\/strong><\/p>\n<\/div>\n<\/div>\n<\/div><\/div>\n","protected":false},"excerpt":{"rendered":"","protected":false},"author":1,"featured_media":0,"parent":0,"menu_order":0,"comment_status":"closed","ping_status":"closed","template":"","meta":{"neve_meta_sidebar":"","neve_meta_container":"","neve_meta_enable_content_width":"on","neve_meta_content_width":100,"neve_meta_title_alignment":"","neve_meta_author_avatar":"","neve_post_elements_order":"","neve_meta_disable_header":"","neve_meta_disable_footer":"","neve_meta_disable_title":"on","_ti_tpc_template_sync":false,"_ti_tpc_template_id":"","footnotes":""},"class_list":["post-7","page","type-page","status-publish","hentry"],"_links":{"self":[{"href":"https:\/\/apl.legia.com\/index.php\/wp-json\/wp\/v2\/pages\/7","targetHints":{"allow":["GET"]}}],"collection":[{"href":"https:\/\/apl.legia.com\/index.php\/wp-json\/wp\/v2\/pages"}],"about":[{"href":"https:\/\/apl.legia.com\/index.php\/wp-json\/wp\/v2\/types\/page"}],"author":[{"embeddable":true,"href":"https:\/\/apl.legia.com\/index.php\/wp-json\/wp\/v2\/users\/1"}],"replies":[{"embeddable":true,"href":"https:\/\/apl.legia.com\/index.php\/wp-json\/wp\/v2\/comments?post=7"}],"version-history":[{"count":8,"href":"https:\/\/apl.legia.com\/index.php\/wp-json\/wp\/v2\/pages\/7\/revisions"}],"predecessor-version":[{"id":190,"href":"https:\/\/apl.legia.com\/index.php\/wp-json\/wp\/v2\/pages\/7\/revisions\/190"}],"wp:attachment":[{"href":"https:\/\/apl.legia.com\/index.php\/wp-json\/wp\/v2\/media?parent=7"}],"curies":[{"name":"wp","href":"https:\/\/api.w.org\/{rel}","templated":true}]}}